{"id":128,"date":"2021-09-27T12:28:29","date_gmt":"2021-09-27T10:28:29","guid":{"rendered":"http:\/\/artbyheart-shop.de\/cwp01\/?page_id=128"},"modified":"2025-05-07T11:00:42","modified_gmt":"2025-05-07T09:00:42","slug":"news","status":"publish","type":"page","link":"https:\/\/artbyheart-shop.de\/cwp01\/start\/news\/","title":{"rendered":"news"},"content":{"rendered":"<p>[et_pb_section fb_built=&#8220;1&#8243; admin_label=&#8220;Wegweiser&#8220; _builder_version=&#8220;4.16&#8243; _module_preset=&#8220;default&#8220; positioning=&#8220;fixed&#8220; vertical_offset=&#8220;-139px&#8220; horizontal_offset=&#8220;110px&#8220; horizontal_offset_tablet=&#8220;87px&#8220; horizontal_offset_phone=&#8220;55px&#8220; horizontal_offset_last_edited=&#8220;on|phone&#8220; filter_opacity=&#8220;56%&#8220; sticky_position=&#8220;top&#8220; sticky_offset_top=&#8220;-200px&#8220; filter_opacity_tablet=&#8220;45%&#8220; filter_opacity_phone=&#8220;33%&#8220; filter_opacity_last_edited=&#8220;on|tablet&#8220; global_colors_info=&#8220;{}&#8220;][et_pb_row _builder_version=&#8220;4.16&#8243; _module_preset=&#8220;default&#8220; custom_padding=&#8220;||0px|||&#8220; global_colors_info=&#8220;{}&#8220;][et_pb_column type=&#8220;4_4&#8243; _builder_version=&#8220;4.16&#8243; _module_preset=&#8220;default&#8220; global_colors_info=&#8220;{}&#8220;][et_pb_image src=&#8220;https:\/\/artbyheart-shop.de\/cwp01\/wp-content\/uploads\/2022\/05\/news.png&#8220; title_text=&#8220;news&#8220; align=&#8220;right&#8220; admin_label=&#8220;Image&#8220; _builder_version=&#8220;4.16&#8243; _module_preset=&#8220;default&#8220; global_colors_info=&#8220;{}&#8220;][\/et_pb_image][\/et_pb_column][\/et_pb_row][\/et_pb_section][et_pb_section fb_built=&#8220;1&#8243; _builder_version=&#8220;4.16&#8243; _module_preset=&#8220;default&#8220; global_colors_info=&#8220;{}&#8220;][et_pb_row _builder_version=&#8220;4.27.0&#8243; _module_preset=&#8220;default&#8220; width_tablet=&#8220;&#8220; width_phone=&#8220;95%&#8220; width_last_edited=&#8220;on|phone&#8220; global_colors_info=&#8220;{}&#8220;][et_pb_column type=&#8220;4_4&#8243; _builder_version=&#8220;4.27.0&#8243; _module_preset=&#8220;default&#8220; global_colors_info=&#8220;{}&#8220;][et_pb_heading title=&#8220;European Peace Project&#8220; _builder_version=&#8220;4.27.0&#8243; _module_preset=&#8220;default&#8220; title_level=&#8220;h3&#8243; title_font=&#8220;|700|||||||&#8220; title_text_align=&#8220;center&#8220; title_text_color=&#8220;#E02B20&#8243; title_font_size=&#8220;40px&#8220; title_line_height=&#8220;1.5em&#8220; custom_margin=&#8220;||-3px||false|false&#8220; box_shadow_style=&#8220;preset6&#8243; box_shadow_color=&#8220;RGBA(255,255,255,0)&#8220; global_colors_info=&#8220;{}&#8220;][\/et_pb_heading][et_pb_image src=&#8220;https:\/\/artbyheart-shop.de\/cwp01\/wp-content\/uploads\/2025\/05\/EPP_Regina_8-scaled.jpg&#8220; alt=&#8220;Der Willisohn&#8220; title_text=&#8220;EPP_Regina&#8220; url=&#8220;https:\/\/europeanpeaceproject.eu\/&#8220; url_new_window=&#8220;on&#8220; align=&#8220;center&#8220; admin_label=&#8220;Gospel&#8220; _builder_version=&#8220;4.27.0&#8243; _module_preset=&#8220;default&#8220; max_width=&#8220;59%&#8220; max_width_tablet=&#8220;59%&#8220; max_width_phone=&#8220;94%&#8220; max_width_last_edited=&#8220;on|phone&#8220; box_shadow_style=&#8220;preset2&#8243; global_colors_info=&#8220;{}&#8220;][\/et_pb_image][et_pb_text _builder_version=&#8220;4.27.0&#8243; _module_preset=&#8220;default&#8220; text_text_color=&#8220;#E09900&#8243; text_font_size=&#8220;1.6em&#8220; width=&#8220;78%&#8220; module_alignment=&#8220;center&#8220; custom_margin=&#8220;||17px|||&#8220; locked=&#8220;off&#8220; global_colors_info=&#8220;{}&#8220;]<\/p>\n<p>&#8222;Am 9.Mai 2025 um 17.00 stellen wir uns in allen L\u00e4ndern des europ\u00e4ischen Kontinents im gleichen Moment, gemeinsam der Kriegsvorbereitung der EU Technokratie und ihrer nationalen Regierungen entgegen mit unserem Manifest, in einem performativen Sprechakt.<\/p>\n<p>Wenn die Vernunft versagt und alle Lehren aus der Geschichte vergessen scheinen, soll die Kunst uns retten! Die einfache Grundidee, das Fenster zu \u00f6ffnen und das Manifest f\u00fcr den Frieden zu verlesen, kann gerne von euch kreativ um Aktionen, Kunst, Performances, Happenings oder Flashmobs erweitert werden: ihr seid die Akteure des European Peace Projects und ihr gestaltet die Idee nach euren Vorstellungen! Von unseren europ\u00e4ischen Mitb\u00fcrgern in Russland geht keine Bedrohung aus! Abschreckung und Aufr\u00fcstung bringt keine<\/p>\n<p>Sicherheit, sondern f\u00fchrt in den Krieg! Wir m\u00fcssen eine friedliche Alternative f\u00fcr Europa entwerfen mit guten nachbarschaftlichen Beziehungen zwischen allen L\u00e4ndern dieses Kontinents!&#8220;<\/p>\n<p>[\/et_pb_text][et_pb_text _builder_version=&#8220;4.27.0&#8243; _module_preset=&#8220;default&#8220; text_text_color=&#8220;#E02B20&#8243; text_font_size=&#8220;1.6em&#8220; width=&#8220;78%&#8220; module_alignment=&#8220;center&#8220; custom_margin=&#8220;||17px|||&#8220; locked=&#8220;off&#8220; global_colors_info=&#8220;{}&#8220;]<\/p>\n<p style=\"text-align: center;\">Das Manifest<br \/>European Peace Project<\/p>\n<p>[\/et_pb_text][et_pb_text _builder_version=&#8220;4.27.0&#8243; _module_preset=&#8220;default&#8220; text_text_color=&#8220;#E09900&#8243; text_font_size=&#8220;1.1em&#8220; text_orientation=&#8220;justified&#8220; width=&#8220;78%&#8220; width_tablet=&#8220;78%&#8220; width_phone=&#8220;96%&#8220; width_last_edited=&#8220;on|phone&#8220; module_alignment=&#8220;center&#8220; text_orientation_tablet=&#8220;justified&#8220; text_orientation_phone=&#8220;justified&#8220; text_orientation_last_edited=&#8220;on|phone&#8220; locked=&#8220;off&#8220; global_colors_info=&#8220;{}&#8220;]<\/p>\n<p>Heute, am 9. Mai 2025 \u2013 genau 80 Jahre nach dem Ende des Zweiten Weltkriegs, der 60<br \/>Millionen Menschen das Leben kostete, darunter 27 Millionen Sowjetb\u00fcrgern, erheben wir, die B\u00fcrgerinnen und B\u00fcrger Europas, unsere Stimmen! Wir sch\u00e4men uns f\u00fcr unsere Regierungen und die EU, die die Lehren des 20. Jahrhunderts nicht gelernt haben.<br \/>Die EU, einst als Friedensprojekt gedacht, wurde pervertiert und hat damit den Wesenskern Europas verraten! Wir, die B\u00fcrger Europas, nehmen darum heute, am 9. Mai, unsere Geschicke und unsere Geschichte selbst in die Hand. Wir erkl\u00e4ren die EU f\u00fcr gescheitert. Wir beginnen mit B\u00fcrger-Diplomatie und verweigern uns dem geplanten Krieg gegen Russland!<br \/>Wir erkennen die Mitverantwortung des \u201eWestens\u201c, der europ\u00e4ischen Regierungen<br \/>und der EU an diesem Konflikt an. Wir, die B\u00fcrger Europas, treten mit dem European Peace Project der schamlosen Heuchlerei und den L\u00fcgen entgegen, die heute \u2013 am Europatag \u2013 auf offiziellen Festakten und in \u00f6ffentlichen Sendern verbreitet werden.<\/p>\n<p style=\"text-align: left;\">Wir strecken den B\u00fcrgerinnen und B\u00fcrgern der Ukraine und Russlands die Hand aus.<br \/>Ihr geh\u00f6rt zur europ\u00e4ischen Familie, und wir sind \u00fcberzeugt, dass wir gemeinsam ein<br \/>friedliches Zusammenleben auf unserem Kontinent organisieren k\u00f6nnen. Wir haben die Bilder der Soldatenfriedh\u00f6fe vor Augen \u2013 von Wolgograd \u00fcber Riga bis Lothringen.<br \/>Wir sehen die frischen Gr\u00e4ber, die dieser sinnlose Krieg in der Ukraine und in Russland hinterlassen hat. W\u00e4hrend die meisten EU-Regierungen und Verantwortlichen f\u00fcr den Krieg hetzen und verdr\u00e4ngen, was Krieg f\u00fcr die Bev\u00f6lkerung bedeutet, haben wir die Lektion des letzten Jahrhunderts gelernt: Europa hei\u00dft \u201eNie wieder Krieg!\u201c Wir erinnern uns an die europ\u00e4ischen Aufbauleistungen des letzten Jahrhunderts und an die Versprechen von 1989 nach der friedlichen Revolution. Wir fordern ein europ\u00e4isch-russisches Jugendwerk nach dem Vorbild des deutsch-franz\u00f6sischen Jugendwerks von 1963, das die \u201eErbfeindschaft\u201c zwischen<br \/>Deutschland und Frankreich beendet hat. Wir fordern ein Ende der Sanktionen und den<br \/>Wiederaufbau der Nord Stream II-Pipeline. Wir weigern uns, unsere Steuergelder f\u00fcr R\u00fcstung und Militarisierung zu verschwenden, auf Kosten von Sozialstandards und Infrastruktur.<\/p>\n<p>[\/et_pb_text][\/et_pb_column][\/et_pb_row][et_pb_row _builder_version=&#8220;4.27.0&#8243; _module_preset=&#8220;default&#8220; width_tablet=&#8220;&#8220; width_phone=&#8220;95%&#8220; width_last_edited=&#8220;on|phone&#8220; global_colors_info=&#8220;{}&#8220;][et_pb_column type=&#8220;4_4&#8243; _builder_version=&#8220;4.27.0&#8243; _module_preset=&#8220;default&#8220; global_colors_info=&#8220;{}&#8220;][et_pb_heading title=&#8220;Blues &#038; Gospel Night &#8211; Tour 2024&#8243; _builder_version=&#8220;4.27.0&#8243; _module_preset=&#8220;default&#8220; title_level=&#8220;h3&#8243; title_font=&#8220;|700|||||||&#8220; title_text_align=&#8220;center&#8220; title_text_color=&#8220;#E02B20&#8243; title_font_size=&#8220;40px&#8220; title_line_height=&#8220;1.5em&#8220; custom_margin=&#8220;||-3px||false|false&#8220; box_shadow_style=&#8220;preset6&#8243; box_shadow_color=&#8220;RGBA(255,255,255,0)&#8220; global_colors_info=&#8220;{}&#8220;][\/et_pb_heading][et_pb_heading title=&#8220;- Retrospektive &#8211; Fotogalerie -&#8220; _builder_version=&#8220;4.27.0&#8243; _module_preset=&#8220;default&#8220; title_level=&#8220;h3&#8243; title_font=&#8220;|700|||on||||&#8220; title_text_align=&#8220;center&#8220; title_text_color=&#8220;#E02B20&#8243; title_font_size=&#8220;40px&#8220; title_line_height=&#8220;1.5em&#8220; custom_margin=&#8220;||-3px||false|false&#8220; box_shadow_style=&#8220;preset6&#8243; box_shadow_color=&#8220;RGBA(255,255,255,0)&#8220; global_colors_info=&#8220;{}&#8220;][\/et_pb_heading][et_pb_heading _builder_version=&#8220;4.27.0&#8243; _module_preset=&#8220;default&#8220; title_level=&#8220;h3&#8243; title_font=&#8220;|700|||||||&#8220; title_text_align=&#8220;center&#8220; title_text_color=&#8220;#E09900&#8243; title_font_size=&#8220;40px&#8220; title_line_height=&#8220;1.5em&#8220; custom_margin=&#8220;||-3px||false|false&#8220; box_shadow_style=&#8220;preset6&#8243; box_shadow_color=&#8220;RGBA(255,255,255,0)&#8220; global_colors_info=&#8220;{}&#8220;][\/et_pb_heading][et_pb_heading _builder_version=&#8220;4.27.0&#8243; _module_preset=&#8220;default&#8220; title_level=&#8220;h3&#8243; title_font=&#8220;|700|||||||&#8220; title_text_align=&#8220;center&#8220; title_text_color=&#8220;#E09900&#8243; title_font_size=&#8220;40px&#8220; title_line_height=&#8220;1.5em&#8220; custom_margin=&#8220;||-3px||false|false&#8220; box_shadow_style=&#8220;preset6&#8243; box_shadow_color=&#8220;RGBA(255,255,255,0)&#8220; global_colors_info=&#8220;{}&#8220;][\/et_pb_heading][et_pb_image src=&#8220;https:\/\/artbyheart-shop.de\/cwp01\/wp-content\/uploads\/2024\/09\/Plakatt-Foto-1.jpg&#8220; alt=&#8220;Der Willisohn&#8220; title_text=&#8220;Plakatt-Foto-1&#8243; url=&#8220;https:\/\/artbyheart-shop.de\/cwp01\/start\/tourdates\/&#8220; align=&#8220;center&#8220; admin_label=&#8220;Gospel&#8220; _builder_version=&#8220;4.27.0&#8243; _module_preset=&#8220;default&#8220; max_width=&#8220;59%&#8220; max_width_tablet=&#8220;59%&#8220; max_width_phone=&#8220;94%&#8220; max_width_last_edited=&#8220;on|phone&#8220; box_shadow_style=&#8220;preset2&#8243; global_colors_info=&#8220;{}&#8220;][\/et_pb_image][et_pb_text _builder_version=&#8220;4.27.0&#8243; _module_preset=&#8220;default&#8220; text_text_color=&#8220;#E09900&#8243; text_font_size=&#8220;1.6em&#8220; width=&#8220;78%&#8220; module_alignment=&#8220;center&#8220; custom_margin=&#8220;||17px|||&#8220; locked=&#8220;off&#8220; global_colors_info=&#8220;{}&#8220;]<\/p>\n<p><strong>Blues &amp; Gospel Night 2024<\/strong><\/p>\n<p>[\/et_pb_text][et_pb_text _builder_version=&#8220;4.27.0&#8243; _module_preset=&#8220;default&#8220; text_text_color=&#8220;#E09900&#8243; text_font_size=&#8220;1.1em&#8220; text_orientation=&#8220;justified&#8220; width=&#8220;78%&#8220; width_tablet=&#8220;78%&#8220; width_phone=&#8220;96%&#8220; width_last_edited=&#8220;on|phone&#8220; module_alignment=&#8220;center&#8220; text_orientation_tablet=&#8220;justified&#8220; text_orientation_phone=&#8220;justified&#8220; text_orientation_last_edited=&#8220;on|phone&#8220; locked=&#8220;off&#8220; global_colors_info=&#8220;{}&#8220;]<\/p>\n<p style=\"text-align: left;\"><span>Mit Yolanda Robinson kommt eine der gro\u00dfen Blues-, Gospel- und Jazzs\u00e4ngerinnen aus New Orleans, USA nach Deutschland. Als Tochter der legend\u00e4ren Jazzs\u00e4ngerin Topsy Chapman wuchs Yolanda in einer musikalisch gepr\u00e4gten Familie auf und begann als junges M\u00e4dchen ihre Karriere in den Gospelch\u00f6ren der Heimatstadt des Jazz. Yolanda gilt heute als eine der anerkanntesten S\u00e4ngerinnen in New Orleans. <\/span>Der Freisinger Jazzmusiker Uli Wunner ist seit vielen Jahren ein gesch\u00e4tztes Mitglied der internationalen New-Orleans-Jazzfamilie. Er lernte Yolanda bei einer gemeinsamen Session im Sonesta Playhouse, New Orleans Bourbon Street, kennen und lud \u2013 durch musikalische Liebe auf den ersten Blick \u2013 die S\u00e4ngerin zu einer gemeinsamen Tour nach Bayern ein. Neben Uli Wunner (Klarinette und\u00a0Saxofon) spielt im Ensemble der Ausnahmepianist Christian Willisohn. Er ist durch seine musikalische Qualit\u00e4t und Erfahrung pr\u00e4destiniert, die Stars\u00e4ngerin Yolanda Robinson auf der Tour zu begleiten. Das gilt auch f\u00fcr den Drummer Peter Oskar Kraus, der seit vielen Jahren mit Willisohn in dessen Band Southern Spirit erfolgreich zusammenarbeitet und als europ\u00e4ische Koryph\u00e4e des New Orleans Groove gilt. Er macht das Ensemble um den Stargast aus New Orleans perfekt.<\/p>\n<p>[\/et_pb_text][\/et_pb_column][\/et_pb_row][\/et_pb_section][et_pb_section fb_built=&#8220;1&#8243; _builder_version=&#8220;4.9.4&#8243; _module_preset=&#8220;default&#8220; custom_padding=&#8220;13px|||||&#8220; global_module=&#8220;877&#8243; saved_tabs=&#8220;all&#8220; locked=&#8220;off&#8220; global_colors_info=&#8220;{}&#8220;][et_pb_row _builder_version=&#8220;4.16&#8243; _module_preset=&#8220;default&#8220; custom_padding=&#8220;|20px||34px|false|false&#8220; global_colors_info=&#8220;{}&#8220;][et_pb_column type=&#8220;4_4&#8243; _builder_version=&#8220;4.16&#8243; _module_preset=&#8220;default&#8220; global_colors_info=&#8220;{}&#8220;][et_pb_text admin_label=&#8220;Top&#8220; module_id=&#8220;toplink_cw&#8220; _builder_version=&#8220;4.27.0&#8243; _module_preset=&#8220;default&#8220; link_font=&#8220;|||on|||||&#8220; link_text_color=&#8220;#E09900&#8243; locked=&#8220;off&#8220; global_colors_info=&#8220;{}&#8220;]<\/p>\n<p style=\"text-align: center;\"><a href=\"#top\" title=\"Nach oben\">Nach oben \/ To the top<\/a><\/p>\n<p>[\/et_pb_text][\/et_pb_column][\/et_pb_row][\/et_pb_section]<\/p>\n","protected":false},"excerpt":{"rendered":"<p>&#8222;Am 9.Mai 2025 um 17.00 stellen wir uns in allen L\u00e4ndern des europ\u00e4ischen Kontinents im gleichen Moment, gemeinsam der Kriegsvorbereitung der EU Technokratie und ihrer nationalen Regierungen entgegen mit unserem Manifest, in einem performativen Sprechakt. Wenn die Vernunft versagt und alle Lehren aus der Geschichte vergessen scheinen, soll die Kunst uns retten! Die einfache Grundidee, [&hellip;]<\/p>\n","protected":false},"author":1,"featured_media":0,"parent":133,"menu_order":0,"comment_status":"closed","ping_status":"closed","template":"","meta":{"_et_pb_use_builder":"on","_et_pb_old_content":"","_et_gb_content_width":"","footnotes":""},"class_list":["post-128","page","type-page","status-publish","hentry"],"_links":{"self":[{"href":"https:\/\/artbyheart-shop.de\/cwp01\/wp-json\/wp\/v2\/pages\/128","targetHints":{"allow":["GET"]}}],"collection":[{"href":"https:\/\/artbyheart-shop.de\/cwp01\/wp-json\/wp\/v2\/pages"}],"about":[{"href":"https:\/\/artbyheart-shop.de\/cwp01\/wp-json\/wp\/v2\/types\/page"}],"author":[{"embeddable":true,"href":"https:\/\/artbyheart-shop.de\/cwp01\/wp-json\/wp\/v2\/users\/1"}],"replies":[{"embeddable":true,"href":"https:\/\/artbyheart-shop.de\/cwp01\/wp-json\/wp\/v2\/comments?post=128"}],"version-history":[{"count":100,"href":"https:\/\/artbyheart-shop.de\/cwp01\/wp-json\/wp\/v2\/pages\/128\/revisions"}],"predecessor-version":[{"id":2351,"href":"https:\/\/artbyheart-shop.de\/cwp01\/wp-json\/wp\/v2\/pages\/128\/revisions\/2351"}],"up":[{"embeddable":true,"href":"https:\/\/artbyheart-shop.de\/cwp01\/wp-json\/wp\/v2\/pages\/133"}],"wp:attachment":[{"href":"https:\/\/artbyheart-shop.de\/cwp01\/wp-json\/wp\/v2\/media?parent=128"}],"curies":[{"name":"wp","href":"https:\/\/api.w.org\/{rel}","templated":true}]}}