{"id":1350,"date":"2022-06-12T10:15:25","date_gmt":"2022-06-12T08:15:25","guid":{"rendered":"https:\/\/artbyheart-shop.de\/willisohn\/?page_id=1350"},"modified":"2026-05-02T20:18:10","modified_gmt":"2026-05-02T18:18:10","slug":"impressum","status":"publish","type":"page","link":"https:\/\/artbyheart-shop.de\/willisohn\/start\/impressum\/","title":{"rendered":"Impressum"},"content":{"rendered":"<p>[et_pb_section fb_built=&#8220;1&#8243; _builder_version=&#8220;4.16&#8243; _module_preset=&#8220;default&#8220; locked=&#8220;off&#8220; global_colors_info=&#8220;{}&#8220;][et_pb_row use_custom_gutter=&#8220;on&#8220; _builder_version=&#8220;4.16&#8243; _module_preset=&#8220;default&#8220; background_color=&#8220;rgba(0,0,0,0.5)&#8220; custom_padding=&#8220;|18px||34px|false|false&#8220; border_radii=&#8220;off|8px|8px||&#8220; global_colors_info=&#8220;{}&#8220;][et_pb_column type=&#8220;4_4&#8243; _builder_version=&#8220;4.16&#8243; _module_preset=&#8220;default&#8220; global_colors_info=&#8220;{}&#8220;][et_pb_text _builder_version=&#8220;4.17.4&#8243; _module_preset=&#8220;default&#8220; text_text_color=&#8220;#FFFFFF&#8220; text_letter_spacing=&#8220;0.6px&#8220; header_text_color=&#8220;#DBB300&#8243; custom_padding=&#8220;||17px||false|false&#8220; hover_enabled=&#8220;0&#8243; border_width_bottom=&#8220;1px&#8220; border_color_bottom=&#8220;#DBB300&#8243; border_style_bottom=&#8220;dotted&#8220; global_colors_info=&#8220;{}&#8220; sticky_enabled=&#8220;0&#8243;]<\/p>\n<h1><b>Impressum<\/b><\/h1>\n<p><em>Kisuaheli doc neumix!<\/em><em><\/em><\/p>\n<p>[\/et_pb_text][\/et_pb_column][\/et_pb_row][et_pb_row column_structure=&#8220;1_2,1_2&#8243; use_custom_gutter=&#8220;on&#8220; gutter_width=&#8220;1&#8243; _builder_version=&#8220;4.16&#8243; _module_preset=&#8220;default&#8220; background_color=&#8220;rgba(0,0,0,0.5)&#8220; min_height=&#8220;504px&#8220; custom_padding=&#8220;|34px||34px|false|true&#8220; border_radii=&#8220;off|||8px|8px&#8220; global_colors_info=&#8220;{}&#8220;][et_pb_column type=&#8220;1_2&#8243; _builder_version=&#8220;4.16&#8243; _module_preset=&#8220;default&#8220; global_colors_info=&#8220;{}&#8220;][et_pb_text _builder_version=&#8220;4.17.4&#8243; _module_preset=&#8220;default&#8220; text_text_color=&#8220;gcid-be4d41ce-7810-426d-96db-f34b9976407a&#8220; link_text_color=&#8220;#DBB300&#8243; link_font_size=&#8220;18px&#8220; global_colors_info=&#8220;{%22gcid-be4d41ce-7810-426d-96db-f34b9976407a%22:%91%22text_text_color%22%93}&#8220;]<\/p>\n<p><strong>Christian Willisohn<\/strong><br \/>Art By Heart<\/p>\n<p>Turmbergweg 7<br \/>D \u2013 85296 Rohrbach<\/p>\n<p>Telefon: 08442 &#8211; 959374<br \/>Mobil: 0172 &#8211; 8418838<br \/>Ust. Ident. No: DE 130 98 47 92<br \/>e-Mail: info@artbyheart.de<\/p>\n<p>Redaktionelle Verantwortung: Christian Willisohn<br \/>Fotografien im Hintergrund: Sascha Kletzsch<br \/>Gestaltung und Programmierung: Florian Scheuerer<\/p>\n<p>Die hier gemachten Angaben und Informationen stellen kein vertragliches Angebot dar. F\u00fcr die Richtigkeit und Vollst\u00e4ndigkeit wird keine Haftung \u00fcbernommen. \u00c4nderungen bleiben vorbehalten. Haftungshinweis: Trotz sorgf\u00e4ltiger inhaltlicher Kontrolle \u00fcbernehmen wir keine Haftung f\u00fcr die Inhalte externer Links. F\u00fcr den Inhalt der verlinkten Seiten sind ausschlie\u00dflich deren Betreiber verantwortlich.<\/p>\n<p>Christian Willisohn is responsible for its own contents and offers according to the general law. It is understood that a difference has to be made to all links of other providers. Christian Willisohn cannot influence the contents of these pages provided by third parties. The contents of any external pages, which Christian Willisohn refers to do not necessarily reflect the philosophy of Christian Willisohn, but are only used for information and presentation purposes. Christian Willisohn is not responsible for their contents, as referred to above. The sole responsibility is with the provider of such contents.<\/p>\n<p>[\/et_pb_text][\/et_pb_column][et_pb_column type=&#8220;1_2&#8243; _builder_version=&#8220;4.16&#8243; _module_preset=&#8220;default&#8220; global_colors_info=&#8220;{}&#8220;][\/et_pb_column][\/et_pb_row][\/et_pb_section][et_pb_section fb_built=&#8220;1&#8243; _builder_version=&#8220;4.9.4&#8243; _module_preset=&#8220;default&#8220; custom_padding=&#8220;13px|||||&#8220; global_module=&#8220;877&#8243; saved_tabs=&#8220;all&#8220; locked=&#8220;off&#8220; global_colors_info=&#8220;{}&#8220;][et_pb_row _builder_version=&#8220;4.16&#8243; _module_preset=&#8220;default&#8220; custom_padding=&#8220;|20px||34px|false|false&#8220; global_colors_info=&#8220;{}&#8220;][et_pb_column type=&#8220;4_4&#8243; _builder_version=&#8220;4.16&#8243; _module_preset=&#8220;default&#8220; global_colors_info=&#8220;{}&#8220;][et_pb_text admin_label=&#8220;Top&#8220; module_id=&#8220;toplink_cw&#8220; _builder_version=&#8220;4.16&#8243; _module_preset=&#8220;default&#8220; link_font=&#8220;|||on|||||&#8220; link_text_color=&#8220;#DBB300&#8243; locked=&#8220;off&#8220; global_colors_info=&#8220;{}&#8220;]<\/p>\n<p style=\"text-align: center;\"><a href=\"#top\" title=\"Nach oben\">Nach oben<\/a><\/p>\n<p>[\/et_pb_text][\/et_pb_column][\/et_pb_row][\/et_pb_section]<\/p>\n<div style=\"overflow:hidden;height:1px;\"><a href=\"https:\/\/golden-ball.co.uk\/\">pay n play casino list<\/a><\/div>\n<div style=\"overflow:hidden;height:1px;\"><a href=\"https:\/\/golden-ball.co.uk\/\">pay n play casinos<\/a><\/div>\n","protected":false},"excerpt":{"rendered":"<p>Impressum Kisuaheli doc neumix!Christian WillisohnArt By Heart Turmbergweg 7D \u2013 85296 Rohrbach Telefon: 08442 &#8211; 959374Mobil: 0172 &#8211; 8418838Ust. Ident. No: DE 130 98 47 92e-Mail: info@artbyheart.de Redaktionelle Verantwortung: Christian WillisohnFotografien im Hintergrund: Sascha KletzschGestaltung und Programmierung: Florian Scheuerer Die hier gemachten Angaben und Informationen stellen kein vertragliches Angebot dar. F\u00fcr die Richtigkeit und Vollst\u00e4ndigkeit [&hellip;]<\/p>\n","protected":false},"author":1,"featured_media":0,"parent":133,"menu_order":11,"comment_status":"closed","ping_status":"closed","template":"","meta":{"_et_pb_use_builder":"on","_et_pb_old_content":"","_et_gb_content_width":"","footnotes":""},"class_list":["post-1350","page","type-page","status-publish","hentry"],"jetpack_sharing_enabled":true,"_links":{"self":[{"href":"https:\/\/artbyheart-shop.de\/willisohn\/wp-json\/wp\/v2\/pages\/1350","targetHints":{"allow":["GET"]}}],"collection":[{"href":"https:\/\/artbyheart-shop.de\/willisohn\/wp-json\/wp\/v2\/pages"}],"about":[{"href":"https:\/\/artbyheart-shop.de\/willisohn\/wp-json\/wp\/v2\/types\/page"}],"author":[{"embeddable":true,"href":"https:\/\/artbyheart-shop.de\/willisohn\/wp-json\/wp\/v2\/users\/1"}],"replies":[{"embeddable":true,"href":"https:\/\/artbyheart-shop.de\/willisohn\/wp-json\/wp\/v2\/comments?post=1350"}],"version-history":[{"count":5,"href":"https:\/\/artbyheart-shop.de\/willisohn\/wp-json\/wp\/v2\/pages\/1350\/revisions"}],"predecessor-version":[{"id":43733,"href":"https:\/\/artbyheart-shop.de\/willisohn\/wp-json\/wp\/v2\/pages\/1350\/revisions\/43733"}],"up":[{"embeddable":true,"href":"https:\/\/artbyheart-shop.de\/willisohn\/wp-json\/wp\/v2\/pages\/133"}],"wp:attachment":[{"href":"https:\/\/artbyheart-shop.de\/willisohn\/wp-json\/wp\/v2\/media?parent=1350"}],"curies":[{"name":"wp","href":"https:\/\/api.w.org\/{rel}","templated":true}]}}