{"id":958,"date":"2021-04-22T15:25:39","date_gmt":"2022-06-03T19:10:44","guid":{"rendered":"https:\/\/artbyheart-shop.de\/willisohn\/?page_id=958"},"modified":"2022-06-13T12:14:07","modified_gmt":"2022-06-13T10:14:07","slug":"abh-shop","status":"publish","type":"page","link":"https:\/\/artbyheart-shop.de\/willisohn\/abh-shop\/","title":{"rendered":"ABH-Shop"},"content":{"rendered":"<p>[et_pb_section fb_built=&#8220;1&#8243; fullwidth=&#8220;on&#8220; _builder_version=&#8220;4.17.4&#8243; _module_preset=&#8220;default&#8220; custom_padding=&#8220;|0px||0px|false|false&#8220; global_colors_info=&#8220;{}&#8220;][et_pb_fullwidth_header title=&#8220;Art Buy Heart&#8220; text_orientation=&#8220;center&#8220; header_fullscreen=&#8220;on&#8220; button_one_text=&#8220;Los jetzt!&#8220; _builder_version=&#8220;4.17.4&#8243; _module_preset=&#8220;default&#8220; title_font=&#8220;|300|||||||&#8220; title_text_color=&#8220;#DBB300&#8243; title_font_size=&#8220;57px&#8220; title_line_height=&#8220;1.7em&#8220; content_font=&#8220;|300|||||||&#8220; content_font_size=&#8220;16px&#8220; content_line_height=&#8220;1.8em&#8220; background_image=&#8220;https:\/\/artbyheart-shop.de\/willisohn\/wp-content\/uploads\/2022\/06\/other-small.jpg&#8220; parallax=&#8220;on&#8220; parallax_method=&#8220;on&#8220; custom_button_one=&#8220;on&#8220; button_one_text_color=&#8220;#FFFFFF&#8220; button_one_bg_color=&#8220;#DBB300&#8243; button_one_border_width=&#8220;0px&#8220; button_one_font=&#8220;|600|||||||&#8220; button_one_custom_margin=&#8220;28px||||false|false&#8220; custom_padding=&#8220;|0px||0px|false|false&#8220; hover_enabled=&#8220;0&#8243; title_font_tablet=&#8220;|300|||||||&#8220; title_font_phone=&#8220;||||||||&#8220; title_font_last_edited=&#8220;on|phone&#8220; title_font_size_tablet=&#8220;57px&#8220; title_font_size_phone=&#8220;37px&#8220; title_font_size_last_edited=&#8220;on|phone&#8220; title_line_height_tablet=&#8220;1.7em&#8220; title_line_height_phone=&#8220;1.7em&#8220; title_line_height_last_edited=&#8220;on|phone&#8220; global_colors_info=&#8220;{}&#8220; button_one_url=&#8220;#angebote&#8220; sticky_enabled=&#8220;0&#8243;]<\/p>\n<p>Willkommen in unserem wunderbaren Kaufladen! Greifen Sie zu \u2013 es gibt frisch gebrannte CD&#8217;s, unerh\u00f6rte H\u00f6rb\u00fccher sowie Lorem ipsum dolor sit amet, consetetur sadipscing elitr, sed diam nonumy eirmod Lorem ipsumtempor.<\/p>\n<p>[\/et_pb_fullwidth_header][\/et_pb_section][et_pb_section fb_built=&#8220;1&#8243; _builder_version=&#8220;4.17.4&#8243; _module_preset=&#8220;default&#8220; global_colors_info=&#8220;{}&#8220;][et_pb_row _builder_version=&#8220;4.17.4&#8243; _module_preset=&#8220;default&#8220; hover_enabled=&#8220;0&#8243; global_colors_info=&#8220;{}&#8220; module_id=&#8220;angebote&#8220; sticky_enabled=&#8220;0&#8243;][et_pb_column type=&#8220;4_4&#8243; _builder_version=&#8220;4.17.4&#8243; _module_preset=&#8220;default&#8220; global_colors_info=&#8220;{}&#8220;][et_pb_text _builder_version=&#8220;4.17.4&#8243; _module_preset=&#8220;default&#8220; text_font=&#8220;|600|||||||&#8220; text_text_color=&#8220;#7a7a7a&#8220; text_font_size=&#8220;20px&#8220; hover_enabled=&#8220;0&#8243; global_colors_info=&#8220;{}&#8220; sticky_enabled=&#8220;0&#8243;]<\/p>\n<p>Hochinteressante Angebote:<\/p>\n<p>[\/et_pb_text][\/et_pb_column][\/et_pb_row][et_pb_row _builder_version=&#8220;4.17.4&#8243; _module_preset=&#8220;default&#8220; global_colors_info=&#8220;{}&#8220;][et_pb_column type=&#8220;4_4&#8243; _builder_version=&#8220;4.17.4&#8243; _module_preset=&#8220;default&#8220; global_colors_info=&#8220;{}&#8220;][et_pb_shop orderby=&#8220;price&#8220; sale_badge_color=&#8220;rgba(219,179,0,0.69)&#8220; icon_hover_color=&#8220;#DBB300&#8243; hover_overlay_color=&#8220;rgba(0,27,66,0.4)&#8220; hover_icon=&#8220;&#x24;||divi||400&#8243; _builder_version=&#8220;4.17.4&#8243; _module_preset=&#8220;default&#8220; title_font=&#8220;|600|||||||&#8220; title_font_size=&#8220;19px&#8220; rating_text_color=&#8220;#DBB300&#8243; global_colors_info=&#8220;{}&#8220;][\/et_pb_shop][\/et_pb_column][\/et_pb_row][\/et_pb_section]<\/p>\n","protected":false},"excerpt":{"rendered":"<p>Willkommen in unserem wunderbaren Kaufladen! Greifen Sie zu \u2013 es gibt frisch gebrannte CD&#8217;s, unerh\u00f6rte H\u00f6rb\u00fccher sowie Lorem ipsum dolor sit amet, consetetur sadipscing elitr, sed diam nonumy eirmod Lorem ipsumtempor.Hochinteressante Angebote:<\/p>\n","protected":false},"author":1,"featured_media":0,"parent":0,"menu_order":2,"comment_status":"closed","ping_status":"closed","template":"","meta":{"_et_pb_use_builder":"on","_et_pb_old_content":"","_et_gb_content_width":"","footnotes":""},"class_list":["post-958","page","type-page","status-publish","hentry"],"jetpack_sharing_enabled":true,"_links":{"self":[{"href":"https:\/\/artbyheart-shop.de\/willisohn\/wp-json\/wp\/v2\/pages\/958","targetHints":{"allow":["GET"]}}],"collection":[{"href":"https:\/\/artbyheart-shop.de\/willisohn\/wp-json\/wp\/v2\/pages"}],"about":[{"href":"https:\/\/artbyheart-shop.de\/willisohn\/wp-json\/wp\/v2\/types\/page"}],"author":[{"embeddable":true,"href":"https:\/\/artbyheart-shop.de\/willisohn\/wp-json\/wp\/v2\/users\/1"}],"replies":[{"embeddable":true,"href":"https:\/\/artbyheart-shop.de\/willisohn\/wp-json\/wp\/v2\/comments?post=958"}],"version-history":[{"count":24,"href":"https:\/\/artbyheart-shop.de\/willisohn\/wp-json\/wp\/v2\/pages\/958\/revisions"}],"predecessor-version":[{"id":1380,"href":"https:\/\/artbyheart-shop.de\/willisohn\/wp-json\/wp\/v2\/pages\/958\/revisions\/1380"}],"wp:attachment":[{"href":"https:\/\/artbyheart-shop.de\/willisohn\/wp-json\/wp\/v2\/media?parent=958"}],"curies":[{"name":"wp","href":"https:\/\/api.w.org\/{rel}","templated":true}]}}